{"id":659,"date":"2026-01-24T17:23:47","date_gmt":"2026-01-24T16:23:47","guid":{"rendered":"https:\/\/msv-buehl-moos.de\/?page_id=659"},"modified":"2026-02-15T09:58:53","modified_gmt":"2026-02-15T08:58:53","slug":"flugmodell-austellung-2026","status":"publish","type":"page","link":"https:\/\/msv-buehl-moos.de\/index.php\/flugmodell-austellung-2026\/","title":{"rendered":"Flugmodell-Austellung 2026"},"content":{"rendered":"<div class=\"wp-block-image\">\n<figure class=\"alignleft size-full is-resized\"><img loading=\"lazy\" decoding=\"async\" width=\"585\" height=\"508\" src=\"https:\/\/msv-buehl-moos.de\/wp-content\/uploads\/2026\/01\/rohbau.jpg\" alt=\"\" class=\"wp-image-661\" style=\"aspect-ratio:1.3333333333333333;width:253px;height:auto\" srcset=\"https:\/\/msv-buehl-moos.de\/wp-content\/uploads\/2026\/01\/rohbau.jpg 585w, https:\/\/msv-buehl-moos.de\/wp-content\/uploads\/2026\/01\/rohbau-300x261.jpg 300w\" sizes=\"auto, (max-width: 585px) 100vw, 585px\" \/><\/figure><\/div>\n\n\n<p><a href=\"https:\/\/msv-buehl-moos.de\/index.php\/galerie\/\">ZUR GALERIE<\/a><\/p>\n\n\n\n<p>Der MSV B\u00fchl-Moos e.V. pr\u00e4sentiert am <strong>18. und 19. April 2026<\/strong> in der <strong><a href=\"https:\/\/maps.app.goo.gl\/cr8UmRiD1UURyTPx9\">Karl-Reinfried-Halle in Moos (Stadt B\u00fchl)<\/a><\/strong> mit vielen Exponaten die gesamte Bandbreite des faszinierenden Flugmodellsports \u2013 ein erlebnisreiches Hobby f\u00fcr Jung und Alt.<\/p>\n\n\n\n<p>Erleben Sie die technischen Raffinessen von au\u00dfergew\u00f6hnlichen Modellflugzeugen, vom Anf\u00e4ngermodell bis hin zum turbinengetriebenen Jetmodell. Die Vereinsmitglieder informieren gerne \u00fcber den Einstieg in dieses spannende Hobby als auch \u00fcber ihre faszinierenden Ausstellungsst\u00fccke aus allen Epochen der Luftfahrt.<\/p>\n\n\n\n<p>F\u00fcr Action und Abwechslung sorgen Flugvorf\u00fchrungen und am Simulator kann dann jeder selbst einmal die Steuerung eines Modellflugzeuges \u00fcbernehmen.<\/p>\n\n\n\n<p>F\u00fcr das leibliche Wohl ist gesorgt.<\/p>\n\n\n\n<figure class=\"wp-block-image size-full is-resized\"><a href=\"https:\/\/maps.app.goo.gl\/cr8UmRiD1UURyTPx9\"><img loading=\"lazy\" decoding=\"async\" width=\"402\" height=\"409\" src=\"https:\/\/msv-buehl-moos.de\/wp-content\/uploads\/2026\/02\/Route_Karl_Reinfried.jpg\" alt=\"\" class=\"wp-image-677\" style=\"width:169px;height:auto\" srcset=\"https:\/\/msv-buehl-moos.de\/wp-content\/uploads\/2026\/02\/Route_Karl_Reinfried.jpg 402w, https:\/\/msv-buehl-moos.de\/wp-content\/uploads\/2026\/02\/Route_Karl_Reinfried-295x300.jpg 295w\" sizes=\"auto, (max-width: 402px) 100vw, 402px\" \/><\/a><\/figure>\n\n\n\n<p>\u00d6ffnungszeiten :<br><strong>Samstag, den 18.04. von 10 &#8211; 18Uhr<br>Sonntag, den 19.04. von 10 &#8211; 18Uhr<\/strong><\/p>\n\n\n\n<p>Eintritt:<br><strong>FREI<\/strong><\/p>\n\n\n\n<figure class=\"wp-block-image size-large\"><img loading=\"lazy\" decoding=\"async\" width=\"727\" height=\"1024\" src=\"https:\/\/msv-buehl-moos.de\/wp-content\/uploads\/2026\/02\/A3_Plakat-727x1024.jpg\" alt=\"\" class=\"wp-image-669\" srcset=\"https:\/\/msv-buehl-moos.de\/wp-content\/uploads\/2026\/02\/A3_Plakat-727x1024.jpg 727w, https:\/\/msv-buehl-moos.de\/wp-content\/uploads\/2026\/02\/A3_Plakat-213x300.jpg 213w, https:\/\/msv-buehl-moos.de\/wp-content\/uploads\/2026\/02\/A3_Plakat-768x1082.jpg 768w, https:\/\/msv-buehl-moos.de\/wp-content\/uploads\/2026\/02\/A3_Plakat.jpg 982w\" sizes=\"auto, (max-width: 727px) 100vw, 727px\" \/><\/figure>\n","protected":false},"excerpt":{"rendered":"<p>ZUR GALERIE Der MSV B\u00fchl-Moos e.V. pr\u00e4sentiert am 18. und 19. April 2026 in der Karl-Reinfried-Halle in Moos (Stadt B\u00fchl) mit vielen Exponaten die gesamte Bandbreite des faszinierenden Flugmodellsports \u2013 ein erlebnisreiches Hobby f\u00fcr Jung<\/p>\n","protected":false},"author":1,"featured_media":0,"parent":0,"menu_order":0,"comment_status":"closed","ping_status":"closed","template":"","meta":{"ngg_post_thumbnail":0,"footnotes":""},"class_list":["post-659","page","type-page","status-publish","hentry"],"_links":{"self":[{"href":"https:\/\/msv-buehl-moos.de\/index.php\/wp-json\/wp\/v2\/pages\/659","targetHints":{"allow":["GET"]}}],"collection":[{"href":"https:\/\/msv-buehl-moos.de\/index.php\/wp-json\/wp\/v2\/pages"}],"about":[{"href":"https:\/\/msv-buehl-moos.de\/index.php\/wp-json\/wp\/v2\/types\/page"}],"author":[{"embeddable":true,"href":"https:\/\/msv-buehl-moos.de\/index.php\/wp-json\/wp\/v2\/users\/1"}],"replies":[{"embeddable":true,"href":"https:\/\/msv-buehl-moos.de\/index.php\/wp-json\/wp\/v2\/comments?post=659"}],"version-history":[{"count":8,"href":"https:\/\/msv-buehl-moos.de\/index.php\/wp-json\/wp\/v2\/pages\/659\/revisions"}],"predecessor-version":[{"id":681,"href":"https:\/\/msv-buehl-moos.de\/index.php\/wp-json\/wp\/v2\/pages\/659\/revisions\/681"}],"wp:attachment":[{"href":"https:\/\/msv-buehl-moos.de\/index.php\/wp-json\/wp\/v2\/media?parent=659"}],"curies":[{"name":"wp","href":"https:\/\/api.w.org\/{rel}","templated":true}]}}