{"id":468,"date":"2022-01-28T14:46:14","date_gmt":"2022-01-28T13:46:14","guid":{"rendered":"https:\/\/msv-buehl-moos.de\/?page_id=468"},"modified":"2022-01-28T15:22:18","modified_gmt":"2022-01-28T14:22:18","slug":"einsteiger","status":"publish","type":"page","link":"https:\/\/msv-buehl-moos.de\/index.php\/einsteiger\/","title":{"rendered":"Einsteiger"},"content":{"rendered":"\n<p><strong>Tipps f\u00fcr Modellflug-Einsteiger<\/strong><\/p>\n\n\n\n<p>Mit der richtigen Modellwahl und der Hilfe eines erfahrenen Modellfliegers aus dem Verein kann eigentlich nichts mehr schief gehen.<\/p>\n\n\n\n<p><strong>Vor&nbsp;<\/strong>dem Einkauf Kontakt zu einem erfahrenen Modellflieger aufnehmen. Er kann geeignete Modelle und Fernsteueranlagen f\u00fcr den Anf\u00e4nger empfehlen.<\/p>\n\n\n\n<p><strong>W\u00e4hrend<\/strong> das Modell gebaut wird um Rat fragen und Baufortschritte \u00f6fter kontrollieren lassen.<\/p>\n\n\n\n<p><strong>Zumindest&nbsp;<\/strong>aber vor dem ersten Flug eine genaue Endkontrolle des Modells und der Anlage vom Fachmann vornehmen lassen.<\/p>\n\n\n\n<p><strong>Bei<\/strong> den ersten Fl\u00fcgen sollte ein Fluglehrer assistieren. Er kann das Einfliegen und Abstimmen des Modells \u00fcbernehmen und in Notsituationen eingreifen. Denn fliegen lernt man \u00e4hnlich wie Autofahren.<\/p>\n\n\n\n<p><strong>Sinnvoll<\/strong> ist auf jeden Fall Mitglied in einem Modellflugverein zu werden.  Zu einem steht ein gro\u00dfes Fluggel\u00e4nde zur Verf\u00fcgung und zudem gibt es dort Ansprechpartner f\u00fcr alle auftretenden Probleme.<\/p>\n\n\n\n<p><a href=\"https:\/\/msv-buehl-moos.de\/index.php\/kontakt\/\">Zum Kontaktformular<\/a><\/p>\n\n\n\n<p><a href=\"mailto:schriftfuehrer@msv-buehl-moos.de?subject=Anforderung%20des%20aktuellen%20Unterlagenpakets%20des%20Modellsportvereins%20B\u00fchl-Moos%20e.V.&amp;body=Hallo!%0D%0A%0D%0AIch%20habe%20Interesse%20am%20Modellsportverein%20B\u00fchl-Moos%20e.V.%0D%0A%0D%0AK\u00f6nnen%20Sie%20mir%20bitte%20ein%20aktuelles%20Unterlagen-Paket%20zukommen%20lassen%0D%0A%0D%0AMeine%20Kontaktdaten%20lauten%20:%0D%0A%0D%0AVorname,%20Nachname:%0D%0ATelefon:%0D%0AE-Mail:%0D%0A%0D%0AMit%20Freundlichen%20Gr\u00fcssen%0D%0A%0D%0A\">Unterlagen anfordern<\/a><\/p>\n","protected":false},"excerpt":{"rendered":"<p>Tipps f\u00fcr Modellflug-Einsteiger Mit der richtigen Modellwahl und der Hilfe eines erfahrenen Modellfliegers aus dem Verein kann eigentlich nichts mehr schief gehen. Vor&nbsp;dem Einkauf Kontakt zu einem erfahrenen Modellflieger aufnehmen. Er kann geeignete Modelle und<\/p>\n","protected":false},"author":1,"featured_media":0,"parent":0,"menu_order":0,"comment_status":"closed","ping_status":"closed","template":"","meta":{"ngg_post_thumbnail":0,"footnotes":""},"class_list":["post-468","page","type-page","status-publish","hentry"],"_links":{"self":[{"href":"https:\/\/msv-buehl-moos.de\/index.php\/wp-json\/wp\/v2\/pages\/468","targetHints":{"allow":["GET"]}}],"collection":[{"href":"https:\/\/msv-buehl-moos.de\/index.php\/wp-json\/wp\/v2\/pages"}],"about":[{"href":"https:\/\/msv-buehl-moos.de\/index.php\/wp-json\/wp\/v2\/types\/page"}],"author":[{"embeddable":true,"href":"https:\/\/msv-buehl-moos.de\/index.php\/wp-json\/wp\/v2\/users\/1"}],"replies":[{"embeddable":true,"href":"https:\/\/msv-buehl-moos.de\/index.php\/wp-json\/wp\/v2\/comments?post=468"}],"version-history":[{"count":6,"href":"https:\/\/msv-buehl-moos.de\/index.php\/wp-json\/wp\/v2\/pages\/468\/revisions"}],"predecessor-version":[{"id":483,"href":"https:\/\/msv-buehl-moos.de\/index.php\/wp-json\/wp\/v2\/pages\/468\/revisions\/483"}],"wp:attachment":[{"href":"https:\/\/msv-buehl-moos.de\/index.php\/wp-json\/wp\/v2\/media?parent=468"}],"curies":[{"name":"wp","href":"https:\/\/api.w.org\/{rel}","templated":true}]}}