{"id":4,"date":"2018-03-25T16:17:34","date_gmt":"2018-03-25T14:17:34","guid":{"rendered":"https:\/\/msv-moos.schuttercloud.com\/index.php\/oneline-home\/"},"modified":"2026-04-03T17:28:31","modified_gmt":"2026-04-03T15:28:31","slug":"oneline-home","status":"publish","type":"page","link":"https:\/\/msv-buehl-moos.de\/","title":{"rendered":"Modellsportverein B\u00fchl-Moos E.v."},"content":{"rendered":"<div class=\"wp-block-image is-style-default\">\n<figure class=\"aligncenter size-large is-resized\"><a href=\"https:\/\/msv-buehl-moos.de\/index.php\/flugmodell-austellung-2026\/\"><img loading=\"lazy\" decoding=\"async\" width=\"727\" height=\"1024\" src=\"https:\/\/msv-buehl-moos.de\/wp-content\/uploads\/2026\/02\/A3_Plakat-727x1024.jpg\" alt=\"\" class=\"wp-image-669\" style=\"width:503px;height:auto\" srcset=\"https:\/\/msv-buehl-moos.de\/wp-content\/uploads\/2026\/02\/A3_Plakat-727x1024.jpg 727w, https:\/\/msv-buehl-moos.de\/wp-content\/uploads\/2026\/02\/A3_Plakat-213x300.jpg 213w, https:\/\/msv-buehl-moos.de\/wp-content\/uploads\/2026\/02\/A3_Plakat-768x1082.jpg 768w, https:\/\/msv-buehl-moos.de\/wp-content\/uploads\/2026\/02\/A3_Plakat.jpg 982w\" sizes=\"auto, (max-width: 727px) 100vw, 727px\" \/><\/a><figcaption class=\"wp-element-caption\"><br><strong>Der Modellsportverein beim SWR 202<\/strong>5<br><a href=\"https:\/\/www.ardmediathek.de\/embed\/Y3JpZDovL3N3ci5kZS9hZXgvbzIyNDAwMzc?startTime=740.93&amp;endTime=1321.39\">zur ARD-Mediathek 1. Teil<\/a><br><a href=\"https:\/\/www.ardmediathek.de\/embed\/Y3JpZDovL3N3ci5kZS9hZXgvbzIyNDAwMzc?startTime=3834.74&amp;endTime=4254.06\">ARD-Mediathek 2. Teil<\/a><\/figcaption><\/figure><\/div>\n\n\n<p>Herzlich Willkommen auf der Homepage des Modellflugsportvereins B\u00fchl-Moos e.V.<\/p>\n\n\n\n<p>Gegr\u00fcndet im Jahre 1978 hat unser Verein heute ca. 100 Mitglieder. <\/p>\n\n\n\n<p>In Moos bei B\u00fchl (Baden) haben wir unser Modellfluggel\u00e4nde auf dem fast alles geflogen wird was in die Luft zu bringen ist. Dies umfasst Elektros und Verbrenner sowie Fl\u00e4chenmodelle und Hubschrauber bis 25 kg Abflug gewicht. Jetmodelle sind seit einigen Jahren stark vertreten.<\/p>\n\n\n\n<p><br>Wir sind dem Deutschen Modellflieger Verband DMFV angeschlossen.<\/p>\n","protected":false},"excerpt":{"rendered":"<p>Herzlich Willkommen auf der Homepage des Modellflugsportvereins B\u00fchl-Moos e.V. Gegr\u00fcndet im Jahre 1978 hat unser Verein heute ca. 100 Mitglieder. In Moos bei B\u00fchl (Baden) haben wir unser Modellfluggel\u00e4nde auf dem fast alles geflogen wird<\/p>\n","protected":false},"author":1,"featured_media":0,"parent":0,"menu_order":0,"comment_status":"closed","ping_status":"closed","template":"home-template.php","meta":{"ngg_post_thumbnail":0,"footnotes":""},"class_list":["post-4","page","type-page","status-publish","hentry"],"_links":{"self":[{"href":"https:\/\/msv-buehl-moos.de\/index.php\/wp-json\/wp\/v2\/pages\/4","targetHints":{"allow":["GET"]}}],"collection":[{"href":"https:\/\/msv-buehl-moos.de\/index.php\/wp-json\/wp\/v2\/pages"}],"about":[{"href":"https:\/\/msv-buehl-moos.de\/index.php\/wp-json\/wp\/v2\/types\/page"}],"author":[{"embeddable":true,"href":"https:\/\/msv-buehl-moos.de\/index.php\/wp-json\/wp\/v2\/users\/1"}],"replies":[{"embeddable":true,"href":"https:\/\/msv-buehl-moos.de\/index.php\/wp-json\/wp\/v2\/comments?post=4"}],"version-history":[{"count":22,"href":"https:\/\/msv-buehl-moos.de\/index.php\/wp-json\/wp\/v2\/pages\/4\/revisions"}],"predecessor-version":[{"id":729,"href":"https:\/\/msv-buehl-moos.de\/index.php\/wp-json\/wp\/v2\/pages\/4\/revisions\/729"}],"wp:attachment":[{"href":"https:\/\/msv-buehl-moos.de\/index.php\/wp-json\/wp\/v2\/media?parent=4"}],"curies":[{"name":"wp","href":"https:\/\/api.w.org\/{rel}","templated":true}]}}